{"id":12,"date":"2019-09-23T23:45:20","date_gmt":"2019-09-23T21:45:20","guid":{"rendered":"http:\/\/eduardopalacios.es\/?page_id=12"},"modified":"2019-09-23T23:51:23","modified_gmt":"2019-09-23T21:51:23","slug":"acerca-de","status":"publish","type":"page","link":"https:\/\/www.eduardopalacios.es\/?page_id=12","title":{"rendered":"Retrospectiva"},"content":{"rendered":"<div id=\"s5_body_padding\">\n<div id=\"s5_center_area1\">\n<div id=\"s5_center_area2\">\n<div id=\"s5_center_area_inner\" class=\"s5_wrap\">\n<div id=\"s5_columns_wrap\">\n<div id=\"s5_columns_wrap_inner\">\n<div id=\"s5_center_column_wrap\">\n<div id=\"s5_center_column_wrap_inner\" class=\"s5_resize_center_columns\">\n<div id=\"s5_component_wrap\">\n<div id=\"s5_component_wrap_inner\">\n<div class=\"item-page\">\n<div>\n<p>Eduardo Palacios nace en el a\u00f1o 1974 en Logro\u00f1o.<\/p>\n<p>Actualmente es profesor de Dibujo e Imagen en el Colegio Asunci\u00f3n de Nuestra Se\u00f1ora en \u00c1vila, y eventualmente realiza talleres de pintura en la Fundaci\u00f3n Caja de \u00c1vila.<\/p>\n<p>Licenciado en Bellas Artes, en la especialidad de pintura, por la Universidad de Salamanca, en el a\u00f1o 1997.<\/p>\n<p><strong>Premios y Menciones<\/strong><\/p>\n<p>Obra seleccionada en el I Concurso Nacional de Pintura Religiosa, Salamanca 1994<\/p>\n<p>Obra seleccionada en el IV Certamen de Pintura \u00abEl Toro Bravo\u00bb , Salamanca 1995<\/p>\n<p>Obras seleccionada y Menci\u00f3n de honor en el V Certamen Nacional de Pintura Joven \u00abTom\u00e1s Luis de Victoria\u00bb, 1996<\/p>\n<p>Colecci\u00f3n de grabados encargados por la Residencia Tom\u00e1s Luis de Victoria.<\/p>\n<h2><\/h2>\n<h2>Obra relevante<\/h2>\n<p>Retratos al torero salmantino Jose Ignacio S\u00e1nchez.<\/p>\n<p>Retrato al Director del Gran Hotel de Salamanca. D. Jose Luis D\u00edaz.<\/p>\n<p>Retrato al empresario taurino y apoderado del Viti, Sr. Flores y su mujer.<\/p>\n<p>Retratos de Rectores de la Universidad Pontificia de Salamanca.<\/p>\n<p>Retrato al Obispo de \u00c1vila, Don Jes\u00fas Garc\u00eda Burillo.<\/p>\n<p>Retrato al Presidente de la Diputaci\u00f3n de \u00c1vila, Don Agust\u00edn Gonz\u00e1lez.<\/p>\n<p>Retratos de directores del Colegio Diocesano de \u00c1vila.<\/p>\n<p>Realizaci\u00f3n de la escultura destinada a premio del Concurso Nacional de Poes\u00eda San Juan de la Cruz.<\/p>\n<p>Realizaci\u00f3n de la escultura \u00abManos\u00bb, regalo institucional de los Colegios Diocesanos de \u00c1vila<\/p>\n<p>Dibujo para cartel \u00abMonacatus\u00bb edici\u00f3n de las Edades del Hombre a\u00f1o 2012 con sede en O\u00f1a<\/p>\n<p>Oleos\u00a0para cartel \u00bb\u00a0Credo\u00bb edici\u00f3n de las Edades del Hombre con sede en Ar\u00e9valo a\u00f1o 2013<\/p>\n<p>Dibujo para cartel \u00bb Eucharistia\u00bb edicion de las Edades del Hombre con sede en Aranda de Duero a\u00f1o 2014<\/p>\n<p>Dibujo Legado para cartel \u00abMaestra de Oraci\u00f3n\u00bb edicion de las Edades del Hombre con sedes en \u00c1vila y Alba de Tormes\u00a0 a\u00f1o 2015.<\/p>\n<p>Dibujo para cartel \u00abAqua\u00bb con motivo de la exposici\u00f3n de las Edades del Hombre con sede en Toro, a\u00f1o 2016<\/p>\n<p>Dibujo para cartel \u00abReconciliare\u00bb exposici\u00f3n Edades del Hombre, 2017 en Cuellar.<\/p>\n<p>Dibujo para cartel \u00abMons Dei\u00bb , a\u00f1o 2018 cartel anunciador de las Edades del Hombre para Aguilar de Camp\u00f3.<\/p>\n<p><a title=\"Teresa de Jesus 2015\" href=\"http:\/\/www.stj500.com\/xx-edicion-de-las-edades-del-hombre-teresa-de-jesus-maestra-de-oracion\/\">V CentenarioTeresa de Jesus 2015<\/a><\/p>\n<p><a title=\"Edades 2012 tve\" href=\"http:\/\/www.rtve.es\/noticias\/20121102\/ona-cuna-castilla-reune-arte-mas-universal-edicion-edades-del-hombre\/572694.shtml\">TVE &#8211; Las Edades del hombre 2012<\/a><\/p>\n<p><a title=\"Monacatus 2012\" href=\"https:\/\/www.youtube.com\/watch?v=REDiNrSNNdA\">Exposicion Monacatus 2012<\/a><\/p>\n<\/div>\n<\/div>\n<\/div>\n<\/div>\n<\/div>\n<\/div>\n<\/div>\n<\/div>\n<\/div>\n<\/div>\n<\/div>\n<\/div>\n","protected":false},"excerpt":{"rendered":"<p>Eduardo Palacios nace en el a\u00f1o 1974 en Logro\u00f1o. Actualmente es profesor de Dibujo e Imagen en el Colegio Asunci\u00f3n de Nuestra Se\u00f1ora en \u00c1vila, y eventualmente realiza talleres de pintura en la Fundaci\u00f3n Caja de \u00c1vila. Licenciado en Bellas<\/p>\n","protected":false},"author":1,"featured_media":0,"parent":0,"menu_order":0,"comment_status":"closed","ping_status":"closed","template":"","meta":[],"_links":{"self":[{"href":"https:\/\/www.eduardopalacios.es\/index.php?rest_route=\/wp\/v2\/pages\/12"}],"collection":[{"href":"https:\/\/www.eduardopalacios.es\/index.php?rest_route=\/wp\/v2\/pages"}],"about":[{"href":"https:\/\/www.eduardopalacios.es\/index.php?rest_route=\/wp\/v2\/types\/page"}],"author":[{"embeddable":true,"href":"https:\/\/www.eduardopalacios.es\/index.php?rest_route=\/wp\/v2\/users\/1"}],"replies":[{"embeddable":true,"href":"https:\/\/www.eduardopalacios.es\/index.php?rest_route=%2Fwp%2Fv2%2Fcomments&post=12"}],"version-history":[{"count":2,"href":"https:\/\/www.eduardopalacios.es\/index.php?rest_route=\/wp\/v2\/pages\/12\/revisions"}],"predecessor-version":[{"id":29,"href":"https:\/\/www.eduardopalacios.es\/index.php?rest_route=\/wp\/v2\/pages\/12\/revisions\/29"}],"wp:attachment":[{"href":"https:\/\/www.eduardopalacios.es\/index.php?rest_route=%2Fwp%2Fv2%2Fmedia&parent=12"}],"curies":[{"name":"wp","href":"https:\/\/api.w.org\/{rel}","templated":true}]}}